{"id":919,"date":"2024-01-12T14:22:15","date_gmt":"2024-01-12T14:22:15","guid":{"rendered":"https:\/\/yanzambi.com\/?post_type=product&#038;p=919"},"modified":"2026-04-06T21:03:04","modified_gmt":"2026-04-06T21:03:04","slug":"bulukutu-tea","status":"publish","type":"product","link":"https:\/\/www.yanzambi.com\/en\/product\/bulukutu-tea\/","title":{"rendered":"Bulukutu Tea"},"content":{"rendered":"<ul>\n<li>Anti grippal, r\u00e9duit la fi\u00e8vre ;<\/li>\n<li>Aide \u00e0 la digestion, anti ballonnements ;<\/li>\n<li>Aide \u00e0 baisser la tension art\u00e9rielle ;<\/li>\n<li>Calme les douleurs menstruelles ;<\/li>\n<li>Coupe faim : aide \u00e0 perdre du poids ;<\/li>\n<li>Stimule la lactation<\/li>\n<\/ul>","protected":false},"excerpt":{"rendered":"<p>Anti grippal, r\u00e9duit la fi\u00e8vre ; Aide \u00e0 la digestion, anti &#8230; <\/p>","protected":false},"featured_media":1071,"comment_status":"open","ping_status":"closed","template":"","meta":[],"product_brand":[],"product_cat":[82],"product_tag":[],"class_list":{"0":"post-919","1":"product","2":"type-product","3":"status-publish","4":"has-post-thumbnail","6":"product_cat-bulukutu-bio","8":"first","9":"instock","10":"shipping-taxable","11":"purchasable","12":"product-type-simple"},"_links":{"self":[{"href":"https:\/\/www.yanzambi.com\/en\/wp-json\/wp\/v2\/product\/919","targetHints":{"allow":["GET"]}}],"collection":[{"href":"https:\/\/www.yanzambi.com\/en\/wp-json\/wp\/v2\/product"}],"about":[{"href":"https:\/\/www.yanzambi.com\/en\/wp-json\/wp\/v2\/types\/product"}],"replies":[{"embeddable":true,"href":"https:\/\/www.yanzambi.com\/en\/wp-json\/wp\/v2\/comments?post=919"}],"wp:featuredmedia":[{"embeddable":true,"href":"https:\/\/www.yanzambi.com\/en\/wp-json\/wp\/v2\/media\/1071"}],"wp:attachment":[{"href":"https:\/\/www.yanzambi.com\/en\/wp-json\/wp\/v2\/media?parent=919"}],"wp:term":[{"taxonomy":"product_brand","embeddable":true,"href":"https:\/\/www.yanzambi.com\/en\/wp-json\/wp\/v2\/product_brand?post=919"},{"taxonomy":"product_cat","embeddable":true,"href":"https:\/\/www.yanzambi.com\/en\/wp-json\/wp\/v2\/product_cat?post=919"},{"taxonomy":"product_tag","embeddable":true,"href":"https:\/\/www.yanzambi.com\/en\/wp-json\/wp\/v2\/product_tag?post=919"}],"curies":[{"name":"wp","href":"https:\/\/api.w.org\/{rel}","templated":true}]}}